{"id":569,"date":"2019-03-03T13:38:49","date_gmt":"2019-03-03T11:38:49","guid":{"rendered":"http:\/\/kontrabanda.lt\/?page_id=569"},"modified":"2019-03-10T22:07:50","modified_gmt":"2019-03-10T20:07:50","slug":"bludas","status":"publish","type":"page","link":"https:\/\/kontrabanda.lt\/?page_id=569","title":{"rendered":"BL\u016aDAS"},"content":{"rendered":"\n<blockquote class=\"wp-block-quote\"><p>Metai: 1995<\/p><p>Web Formatas: MP3<\/p><p>Grup\u0117: Kontrabanda<\/p><\/blockquote>\n\n\n\n\n\n<figure class=\"wp-block-audio\"><audio controls src=\"http:\/\/kontrabanda.lt\/wp-content\/uploads\/2019\/03\/1.-Intro-1.mp3\"><\/audio><figcaption><strong>INTRO<\/strong><\/figcaption><\/figure>\n\n\n\n<figure class=\"wp-block-audio\"><audio controls src=\"http:\/\/kontrabanda.lt\/wp-content\/uploads\/2019\/03\/2.-Tavo-lupos-1.mp3\"><\/audio><figcaption><strong>TAVO L\u016aPOS<\/strong><\/figcaption><\/figure>\n\n\n\n<figure class=\"wp-block-audio\"><audio controls src=\"http:\/\/kontrabanda.lt\/wp-content\/uploads\/2019\/03\/3.-As-nusoviau-kaimyna-1.mp3\"><\/audio><figcaption><strong>A\u0160 NU\u0160OVIAU KAIMYN\u0104<\/strong><\/figcaption><\/figure>\n\n\n\n<figure class=\"wp-block-audio\"><audio controls src=\"http:\/\/kontrabanda.lt\/wp-content\/uploads\/2019\/03\/4.-Bludas-1.mp3\"><\/audio><figcaption><strong>BL\u016aDAS<\/strong><\/figcaption><\/figure>\n\n\n\n<figure class=\"wp-block-audio\"><audio controls src=\"http:\/\/kontrabanda.lt\/wp-content\/uploads\/2019\/03\/5.-Ne-ten-padetas-1.mp3\"><\/audio><figcaption><strong>NE TEN PAD\u0116TAS<\/strong><\/figcaption><\/figure>\n\n\n\n<figure class=\"wp-block-audio\"><audio controls src=\"http:\/\/kontrabanda.lt\/wp-content\/uploads\/2019\/03\/6.-Kraujas-ir-purvas-1.mp3\"><\/audio><figcaption><strong>KRAUJAS IR PURVAS<\/strong><\/figcaption><\/figure>\n\n\n\n<figure class=\"wp-block-audio\"><audio controls src=\"http:\/\/kontrabanda.lt\/wp-content\/uploads\/2019\/03\/7.-Vulkano-papedeje-1.mp3\"><\/audio><figcaption><strong>VULKANO PAP\u0116D\u0116JE<\/strong><\/figcaption><\/figure>\n\n\n\n<figure class=\"wp-block-audio\"><audio controls src=\"http:\/\/kontrabanda.lt\/wp-content\/uploads\/2019\/03\/8.-Eisena-1.mp3\"><\/audio><figcaption><strong>EISENA<\/strong><\/figcaption><\/figure>\n\n\n\n<figure class=\"wp-block-audio\"><audio controls src=\"http:\/\/kontrabanda.lt\/wp-content\/uploads\/2019\/03\/9.-Rezervatas-1.mp3\"><\/audio><figcaption><strong>REZERVATAS<\/strong><\/figcaption><\/figure>\n\n\n\n<figure class=\"wp-block-audio\"><audio controls src=\"http:\/\/kontrabanda.lt\/wp-content\/uploads\/2019\/03\/10.-Tavo-lupos-kitaip-1.mp3\"><\/audio><figcaption><strong>TAVO L\u016aPOS<\/strong><\/figcaption><\/figure>\n\n\n\n<figure class=\"wp-block-audio\"><audio controls src=\"http:\/\/kontrabanda.lt\/wp-content\/uploads\/2019\/03\/11.-Voras-ant-sienos-1.mp3\"><\/audio><figcaption><strong>VORAS ANT SIENOS<\/strong><\/figcaption><\/figure>\n\n\n\n<figure class=\"wp-block-audio\"><audio controls src=\"http:\/\/kontrabanda.lt\/wp-content\/uploads\/2019\/03\/12.-Per-greitai-1.mp3\"><\/audio><figcaption><strong>PER GREITAI<\/strong><\/figcaption><\/figure>\n\n\n\n<figure class=\"wp-block-audio\"><audio controls src=\"http:\/\/kontrabanda.lt\/wp-content\/uploads\/2019\/03\/14.-Labanakt-1.mp3\"><\/audio><figcaption><strong>LABANAKT<\/strong><\/figcaption><\/figure>\n\n\n\n<figure class=\"wp-block-image\"><img loading=\"lazy\" width=\"1024\" height=\"644\" src=\"https:\/\/kontrabanda.lt\/wp-content\/uploads\/2019\/03\/V.An\u010deris-1-1024x644.jpg\" alt=\"\" class=\"wp-image-591\" srcset=\"https:\/\/kontrabanda.lt\/wp-content\/uploads\/2019\/03\/V.An\u010deris-1-1024x644.jpg 1024w, https:\/\/kontrabanda.lt\/wp-content\/uploads\/2019\/03\/V.An\u010deris-1-300x189.jpg 300w, https:\/\/kontrabanda.lt\/wp-content\/uploads\/2019\/03\/V.An\u010deris-1-768x483.jpg 768w\" sizes=\"(max-width: 1024px) 100vw, 1024px\" \/><\/figure>\n\n\n\n<div class=\"wp-block-file aligncenter\"><a href=\"https:\/\/kontrabanda.lt\/wp-content\/uploads\/2019\/03\/Zip_Kontrabanda_Bl\u016bdas_1995_mp3_320kbps.zip\">Zip_Kontrabanda_Bl\u016bdas_1995_mp3_320kbps<\/a><a href=\"https:\/\/kontrabanda.lt\/wp-content\/uploads\/2019\/03\/Zip_Kontrabanda_Bl\u016bdas_1995_mp3_320kbps.zip\" class=\"wp-block-file__button\" download>Parsisi\u0173sti<\/a><\/div>\n","protected":false},"excerpt":{"rendered":"<p>Metai: 1995 Web Formatas: MP3 Grup\u0117: Kontrabanda<\/p>\n","protected":false},"author":1,"featured_media":0,"parent":0,"menu_order":0,"comment_status":"closed","ping_status":"closed","template":"","meta":[],"_links":{"self":[{"href":"https:\/\/kontrabanda.lt\/index.php?rest_route=\/wp\/v2\/pages\/569"}],"collection":[{"href":"https:\/\/kontrabanda.lt\/index.php?rest_route=\/wp\/v2\/pages"}],"about":[{"href":"https:\/\/kontrabanda.lt\/index.php?rest_route=\/wp\/v2\/types\/page"}],"author":[{"embeddable":true,"href":"https:\/\/kontrabanda.lt\/index.php?rest_route=\/wp\/v2\/users\/1"}],"replies":[{"embeddable":true,"href":"https:\/\/kontrabanda.lt\/index.php?rest_route=%2Fwp%2Fv2%2Fcomments&post=569"}],"version-history":[{"count":19,"href":"https:\/\/kontrabanda.lt\/index.php?rest_route=\/wp\/v2\/pages\/569\/revisions"}],"predecessor-version":[{"id":1047,"href":"https:\/\/kontrabanda.lt\/index.php?rest_route=\/wp\/v2\/pages\/569\/revisions\/1047"}],"wp:attachment":[{"href":"https:\/\/kontrabanda.lt\/index.php?rest_route=%2Fwp%2Fv2%2Fmedia&parent=569"}],"curies":[{"name":"wp","href":"https:\/\/api.w.org\/{rel}","templated":true}]}}