{"id":529,"date":"2019-03-03T01:08:08","date_gmt":"2019-03-02T23:08:08","guid":{"rendered":"http:\/\/kontrabanda.lt\/?page_id=529"},"modified":"2019-03-10T20:30:41","modified_gmt":"2019-03-10T18:30:41","slug":"cinkas","status":"publish","type":"page","link":"https:\/\/kontrabanda.lt\/?page_id=529","title":{"rendered":"CINKAS"},"content":{"rendered":"\n<blockquote class=\"wp-block-quote\"><p>Metai: 2003<\/p><p> Web Formatas: WAV<\/p><p> Grup\u0117: Rokfeleriai<\/p><\/blockquote>\n\n\n\n<figure class=\"wp-block-audio\"><audio controls src=\"http:\/\/kontrabanda.lt\/wp-content\/uploads\/2019\/03\/1.Fanki-panki.wav\"><\/audio><figcaption><strong>FANKI PANKI<\/strong><\/figcaption><\/figure>\n\n\n\n<figure class=\"wp-block-audio\"><audio controls src=\"http:\/\/kontrabanda.lt\/wp-content\/uploads\/2019\/03\/2.Paliaubos.wav\"><\/audio><figcaption><strong>PALIAUBOS<\/strong><\/figcaption><\/figure>\n\n\n\n<figure class=\"wp-block-audio\"><audio controls src=\"http:\/\/kontrabanda.lt\/wp-content\/uploads\/2019\/03\/3.Latino-lituano.wav\"><\/audio><figcaption><strong>LATINO LITUANO<\/strong><\/figcaption><\/figure>\n\n\n\n<figure class=\"wp-block-audio\"><audio controls src=\"http:\/\/kontrabanda.lt\/wp-content\/uploads\/2019\/03\/4.Po-kitu-menuliu.wav\"><\/audio><figcaption><strong>PO KITU M\u0116NULIU<\/strong><\/figcaption><\/figure>\n\n\n\n<figure class=\"wp-block-audio\"><audio controls src=\"http:\/\/kontrabanda.lt\/wp-content\/uploads\/2019\/03\/5.Paskutinis-mohikanas.wav\"><\/audio><figcaption><strong>PASKUTINIS MOHIKANAS<\/strong><\/figcaption><\/figure>\n\n\n\n<figure class=\"wp-block-audio\"><audio controls src=\"http:\/\/kontrabanda.lt\/wp-content\/uploads\/2019\/03\/6.Reptiliju-gruvas.wav\"><\/audio><figcaption><strong>REPTILIJ\u0172 GR\u016aVAS<\/strong><\/figcaption><\/figure>\n\n\n\n<figure class=\"wp-block-audio\"><audio controls src=\"http:\/\/kontrabanda.lt\/wp-content\/uploads\/2019\/03\/7.Skubidu.wav\"><\/audio><figcaption><strong>SKUBIDU<\/strong><\/figcaption><\/figure>\n\n\n\n<figure class=\"wp-block-audio\"><audio controls src=\"http:\/\/kontrabanda.lt\/wp-content\/uploads\/2019\/03\/8.Vargevajevaje.wav\"><\/audio><figcaption><strong>VARGE, VAJ\u0116 VAJ\u0116<\/strong><\/figcaption><\/figure>\n\n\n\n<figure class=\"wp-block-audio\"><audio controls src=\"http:\/\/kontrabanda.lt\/wp-content\/uploads\/2019\/03\/9.Skaiciuote.wav\"><\/audio><figcaption><strong>SKAI\u010cIUOT\u0116<\/strong><\/figcaption><\/figure>\n\n\n\n<figure class=\"wp-block-audio\"><audio controls src=\"http:\/\/kontrabanda.lt\/wp-content\/uploads\/2019\/03\/10.Uzutekis.wav\"><\/audio><figcaption><strong>U\u017dUTEKIS<\/strong><\/figcaption><\/figure>\n\n\n\n<div class=\"wp-block-image\"><figure class=\"aligncenter is-resized\"><img loading=\"lazy\" src=\"https:\/\/kontrabanda.lt\/wp-content\/uploads\/2019\/03\/GrajauskasRokfeleriai.jpg\" alt=\"Rokfeleri\u0173 siela - G. Grajauskas (Art\u016bro \u0160E\u0160TOKO nuotrauka)\" class=\"wp-image-786\" width=\"584\" height=\"533\" srcset=\"https:\/\/kontrabanda.lt\/wp-content\/uploads\/2019\/03\/GrajauskasRokfeleriai.jpg 518w, https:\/\/kontrabanda.lt\/wp-content\/uploads\/2019\/03\/GrajauskasRokfeleriai-300x274.jpg 300w\" sizes=\"(max-width: 584px) 100vw, 584px\" \/><\/figure><\/div>\n\n\n\n<div class=\"wp-block-file aligncenter\"><a href=\"https:\/\/kontrabanda.lt\/wp-content\/uploads\/2019\/03\/Zip_Rokfeleriai_Cinkas_2003_mp3_320kbps.zip\">Zip_Rokfeleriai_Cinkas_2003_mp3_320kbps<\/a><a href=\"https:\/\/kontrabanda.lt\/wp-content\/uploads\/2019\/03\/Zip_Rokfeleriai_Cinkas_2003_mp3_320kbps.zip\" class=\"wp-block-file__button\" download>Parsisi\u0173sti<\/a><\/div>\n","protected":false},"excerpt":{"rendered":"<p>Metai: 2003 Web Formatas: WAV Grup\u0117: Rokfeleriai<\/p>\n","protected":false},"author":1,"featured_media":0,"parent":0,"menu_order":0,"comment_status":"closed","ping_status":"closed","template":"","meta":[],"_links":{"self":[{"href":"https:\/\/kontrabanda.lt\/index.php?rest_route=\/wp\/v2\/pages\/529"}],"collection":[{"href":"https:\/\/kontrabanda.lt\/index.php?rest_route=\/wp\/v2\/pages"}],"about":[{"href":"https:\/\/kontrabanda.lt\/index.php?rest_route=\/wp\/v2\/types\/page"}],"author":[{"embeddable":true,"href":"https:\/\/kontrabanda.lt\/index.php?rest_route=\/wp\/v2\/users\/1"}],"replies":[{"embeddable":true,"href":"https:\/\/kontrabanda.lt\/index.php?rest_route=%2Fwp%2Fv2%2Fcomments&post=529"}],"version-history":[{"count":13,"href":"https:\/\/kontrabanda.lt\/index.php?rest_route=\/wp\/v2\/pages\/529\/revisions"}],"predecessor-version":[{"id":1043,"href":"https:\/\/kontrabanda.lt\/index.php?rest_route=\/wp\/v2\/pages\/529\/revisions\/1043"}],"wp:attachment":[{"href":"https:\/\/kontrabanda.lt\/index.php?rest_route=%2Fwp%2Fv2%2Fmedia&parent=529"}],"curies":[{"name":"wp","href":"https:\/\/api.w.org\/{rel}","templated":true}]}}