{"id":486,"date":"2019-03-03T00:34:45","date_gmt":"2019-03-02T22:34:45","guid":{"rendered":"http:\/\/kontrabanda.lt\/?page_id=486"},"modified":"2019-03-10T20:28:52","modified_gmt":"2019-03-10T18:28:52","slug":"naujausi","status":"publish","type":"page","link":"https:\/\/kontrabanda.lt\/?page_id=486","title":{"rendered":"NAUJAUSI"},"content":{"rendered":"\n<blockquote class=\"wp-block-quote\"><p>Metai: 2013<\/p><p>Web Formatas: WAV<\/p><p>Grup\u0117: Kontrabanda<\/p><\/blockquote>\n\n\n\n<figure class=\"wp-block-audio\"><audio controls src=\"http:\/\/kontrabanda.lt\/wp-content\/uploads\/2019\/03\/Kontrabanda-Veluojantiems-kaulai.wav\"><\/audio><figcaption><strong>V\u0116LUOJANTIEMS KAULAI<\/strong><\/figcaption><\/figure>\n\n\n\n<figure class=\"wp-block-audio\"><audio controls src=\"http:\/\/kontrabanda.lt\/wp-content\/uploads\/2019\/03\/Kontrabanda-Tylios-sviesos-svente.wav\"><\/audio><figcaption><strong>TYLIOS \u0160VIESOS \u0160VENT\u0116<\/strong><\/figcaption><\/figure>\n\n\n\n<figure class=\"wp-block-audio\"><audio controls src=\"http:\/\/kontrabanda.lt\/wp-content\/uploads\/2019\/03\/Kontrabanda-\u0160okan\u010di\u0173-\u017emogeliuk\u0173-bliuzas-2013.wav\"><\/audio><figcaption><strong>\u0160OKAN\u010cI\u0172 \u017dMOGELIUK\u0172 BLIUZAS<\/strong><\/figcaption><\/figure>\n\n\n\n<figure class=\"wp-block-audio\"><audio controls src=\"http:\/\/kontrabanda.lt\/wp-content\/uploads\/2019\/03\/Kontrabanda-Kaip-viskas-buvo-2013.wav\"><\/audio><figcaption><strong>KAIP VISKAS BUVO<\/strong><\/figcaption><\/figure>\n\n\n\n<figure class=\"wp-block-audio\"><audio controls src=\"http:\/\/kontrabanda.lt\/wp-content\/uploads\/2019\/03\/Kontrabanda-Daina-apie-laiming\u0105-pabaig\u0105-2013.wav\"><\/audio><figcaption><strong>DAINA APIE LAIMING\u0104 PABAIG\u0104<\/strong><\/figcaption><\/figure>\n\n\n\n<figure class=\"wp-block-image\"><img loading=\"lazy\" width=\"1024\" height=\"683\" src=\"https:\/\/kontrabanda.lt\/wp-content\/uploads\/2019\/03\/Popsui01-1-1024x683.jpg\" alt=\"\" class=\"wp-image-978\" srcset=\"https:\/\/kontrabanda.lt\/wp-content\/uploads\/2019\/03\/Popsui01-1-1024x683.jpg 1024w, https:\/\/kontrabanda.lt\/wp-content\/uploads\/2019\/03\/Popsui01-1-300x200.jpg 300w, https:\/\/kontrabanda.lt\/wp-content\/uploads\/2019\/03\/Popsui01-1-768x512.jpg 768w, https:\/\/kontrabanda.lt\/wp-content\/uploads\/2019\/03\/Popsui01-1.jpg 1200w\" sizes=\"(max-width: 1024px) 100vw, 1024px\" \/><\/figure>\n\n\n\n<div class=\"wp-block-file aligncenter\"><a href=\"https:\/\/kontrabanda.lt\/wp-content\/uploads\/2019\/03\/Zip_Kontrabanda_Naujausi_2013_mp3_320kbps.zip\">Zip_Kontrabanda_Naujausi_2013_mp3_320kbps<\/a><a href=\"https:\/\/kontrabanda.lt\/wp-content\/uploads\/2019\/03\/Zip_Kontrabanda_Naujausi_2013_mp3_320kbps.zip\" class=\"wp-block-file__button\" download>Parsisi\u0173sti<\/a><\/div>\n","protected":false},"excerpt":{"rendered":"<p>Metai: 2013 Web Formatas: WAV Grup\u0117: Kontrabanda<\/p>\n","protected":false},"author":1,"featured_media":0,"parent":0,"menu_order":0,"comment_status":"closed","ping_status":"closed","template":"","meta":[],"_links":{"self":[{"href":"https:\/\/kontrabanda.lt\/index.php?rest_route=\/wp\/v2\/pages\/486"}],"collection":[{"href":"https:\/\/kontrabanda.lt\/index.php?rest_route=\/wp\/v2\/pages"}],"about":[{"href":"https:\/\/kontrabanda.lt\/index.php?rest_route=\/wp\/v2\/types\/page"}],"author":[{"embeddable":true,"href":"https:\/\/kontrabanda.lt\/index.php?rest_route=\/wp\/v2\/users\/1"}],"replies":[{"embeddable":true,"href":"https:\/\/kontrabanda.lt\/index.php?rest_route=%2Fwp%2Fv2%2Fcomments&post=486"}],"version-history":[{"count":10,"href":"https:\/\/kontrabanda.lt\/index.php?rest_route=\/wp\/v2\/pages\/486\/revisions"}],"predecessor-version":[{"id":1040,"href":"https:\/\/kontrabanda.lt\/index.php?rest_route=\/wp\/v2\/pages\/486\/revisions\/1040"}],"wp:attachment":[{"href":"https:\/\/kontrabanda.lt\/index.php?rest_route=%2Fwp%2Fv2%2Fmedia&parent=486"}],"curies":[{"name":"wp","href":"https:\/\/api.w.org\/{rel}","templated":true}]}}