{"id":355,"date":"2019-03-02T22:21:10","date_gmt":"2019-03-02T20:21:10","guid":{"rendered":"http:\/\/kontrabanda.lt\/?page_id=355"},"modified":"2019-03-10T20:28:07","modified_gmt":"2019-03-10T18:28:07","slug":"gyvai","status":"publish","type":"page","link":"https:\/\/kontrabanda.lt\/?page_id=355","title":{"rendered":"GYV(A)I"},"content":{"rendered":"\n<blockquote style=\"text-align:left\" class=\"wp-block-quote\"><p>Metai: 2007<\/p><p> Web Formatas: FLAC<\/p><p>Grup\u0117: Kontrabanda<\/p><\/blockquote>\n\n\n\n<figure class=\"wp-block-image\"><img loading=\"lazy\" width=\"916\" height=\"925\" src=\"http:\/\/kontrabanda.lt\/wp-content\/uploads\/2019\/03\/front.jpg\" alt=\"\" class=\"wp-image-620\" srcset=\"https:\/\/kontrabanda.lt\/wp-content\/uploads\/2019\/03\/front.jpg 916w, https:\/\/kontrabanda.lt\/wp-content\/uploads\/2019\/03\/front-150x150.jpg 150w, https:\/\/kontrabanda.lt\/wp-content\/uploads\/2019\/03\/front-297x300.jpg 297w, https:\/\/kontrabanda.lt\/wp-content\/uploads\/2019\/03\/front-768x776.jpg 768w\" sizes=\"(max-width: 916px) 100vw, 916px\" \/><\/figure>\n\n\n\n<h2>CD1<\/h2>\n\n\n\n<figure class=\"wp-block-audio\"><audio controls src=\"http:\/\/kontrabanda.lt\/wp-content\/uploads\/2019\/03\/01-Pirmadienio-bliuzas.flac\"><\/audio><figcaption><strong>PIRMADIENIO BLIUZAS<\/strong><\/figcaption><\/figure>\n\n\n\n<figure class=\"wp-block-audio\"><audio controls src=\"http:\/\/kontrabanda.lt\/wp-content\/uploads\/2019\/03\/02-Ten-kur-nera-taves-2.flac\"><\/audio><figcaption><strong>TEN KUR N\u0116RA TAV\u0118S<\/strong><\/figcaption><\/figure>\n\n\n\n<figure class=\"wp-block-audio\"><audio controls src=\"http:\/\/kontrabanda.lt\/wp-content\/uploads\/2019\/03\/03-Ne-pati-geriausia-diena.flac\"><\/audio><figcaption><strong>NE PATI GERIAUSIA DIENA<\/strong><\/figcaption><\/figure>\n\n\n\n<figure class=\"wp-block-audio\"><audio controls src=\"http:\/\/kontrabanda.lt\/wp-content\/uploads\/2019\/03\/04-Ir-vel-ir-vel-ir-vel-2.flac\"><\/audio><figcaption><strong>IR V\u0116L, IR V\u0116L IR V\u0116L<\/strong><\/figcaption><\/figure>\n\n\n\n<figure class=\"wp-block-audio\"><audio controls src=\"http:\/\/kontrabanda.lt\/wp-content\/uploads\/2019\/03\/05-Varge-varge-vaje-vaje.flac\"><\/audio><figcaption><strong>VARGE, VARGE, VAJ\u0116 VAJ\u0116<\/strong><\/figcaption><\/figure>\n\n\n\n<figure class=\"wp-block-audio\"><audio controls src=\"http:\/\/kontrabanda.lt\/wp-content\/uploads\/2019\/03\/06-Terorozaro-bliuzas.flac\"><\/audio><figcaption><strong>TEROROZAURO BLIUZAS<\/strong><\/figcaption><\/figure>\n\n\n\n<h2>CD2<\/h2>\n\n\n\n<figure class=\"wp-block-audio\"><audio controls src=\"http:\/\/kontrabanda.lt\/wp-content\/uploads\/2019\/03\/01-Vilkolakis-1.flac\"><\/audio><figcaption><strong>VILKOLAKIS<\/strong><\/figcaption><\/figure>\n\n\n\n<figure class=\"wp-block-audio\"><audio controls src=\"http:\/\/kontrabanda.lt\/wp-content\/uploads\/2019\/03\/02-Apsuptyje-2.flac\"><\/audio><figcaption><strong>APSUPTYJE<\/strong><\/figcaption><\/figure>\n\n\n\n<figure class=\"wp-block-audio\"><audio controls src=\"http:\/\/kontrabanda.lt\/wp-content\/uploads\/2019\/03\/03-Kol-dar-gali-pastaugt-i-dangu-2.flac\"><\/audio><figcaption><strong>KOL DAR GALI PASTAUGT \u012e DANG\u0172<\/strong><\/figcaption><\/figure>\n\n\n\n<figure class=\"wp-block-audio\"><audio controls src=\"http:\/\/kontrabanda.lt\/wp-content\/uploads\/2019\/03\/04-Ko-gi-daugiau-1.flac\"><\/audio><figcaption><strong>KO GI DAUGIAU<\/strong><\/figcaption><\/figure>\n\n\n\n<figure class=\"wp-block-audio\"><audio controls src=\"http:\/\/kontrabanda.lt\/wp-content\/uploads\/2019\/03\/05-Liga-1.flac\"><\/audio><figcaption><strong>LIGA<\/strong><\/figcaption><\/figure>\n\n\n\n<figure class=\"wp-block-audio\"><audio controls src=\"http:\/\/kontrabanda.lt\/wp-content\/uploads\/2019\/03\/06-Bonus-track-Liga-1.flac\"><\/audio><figcaption><strong>LIGA BONUS TRACK &#8211; Kernav\u0117<\/strong><\/figcaption><\/figure>\n\n\n\n<figure class=\"wp-block-image\"><img src=\"http:\/\/kontrabanda.lt\/wp-content\/uploads\/2019\/03\/back-1024x818.jpg\" alt=\"\" class=\"wp-image-374\"\/><\/figure>\n\n\n\n<div class=\"wp-block-file aligncenter\"><a href=\"https:\/\/kontrabanda.lt\/wp-content\/uploads\/2019\/03\/Zip_Kontrabanda_Gyvai_2007_CD1_mp3_320kbps.zip\">Zip_Kontrabanda_Gyv(a)i_2007_CD1_mp3_320kbps<\/a><a href=\"https:\/\/kontrabanda.lt\/wp-content\/uploads\/2019\/03\/Zip_Kontrabanda_Gyvai_2007_CD1_mp3_320kbps.zip\" class=\"wp-block-file__button\" download>Parsisi\u0173sti<\/a><\/div>\n\n\n\n<div class=\"wp-block-file aligncenter\"><a href=\"https:\/\/kontrabanda.lt\/wp-content\/uploads\/2019\/03\/Zip_Kontrabanda_Gyvai_2007_CD2_mp3_320kbps.zip\">Zip_Kontrabanda_Gyv(a)i_2007_CD2_mp3_320kbps<\/a><a href=\"https:\/\/kontrabanda.lt\/wp-content\/uploads\/2019\/03\/Zip_Kontrabanda_Gyvai_2007_CD2_mp3_320kbps.zip\" class=\"wp-block-file__button\" download>Parsisi\u0173sti<\/a><\/div>\n","protected":false},"excerpt":{"rendered":"<p>Metai: 2007 Web Formatas: FLAC Grup\u0117: Kontrabanda CD1 CD2<\/p>\n","protected":false},"author":1,"featured_media":0,"parent":0,"menu_order":0,"comment_status":"closed","ping_status":"closed","template":"","meta":[],"_links":{"self":[{"href":"https:\/\/kontrabanda.lt\/index.php?rest_route=\/wp\/v2\/pages\/355"}],"collection":[{"href":"https:\/\/kontrabanda.lt\/index.php?rest_route=\/wp\/v2\/pages"}],"about":[{"href":"https:\/\/kontrabanda.lt\/index.php?rest_route=\/wp\/v2\/types\/page"}],"author":[{"embeddable":true,"href":"https:\/\/kontrabanda.lt\/index.php?rest_route=\/wp\/v2\/users\/1"}],"replies":[{"embeddable":true,"href":"https:\/\/kontrabanda.lt\/index.php?rest_route=%2Fwp%2Fv2%2Fcomments&post=355"}],"version-history":[{"count":43,"href":"https:\/\/kontrabanda.lt\/index.php?rest_route=\/wp\/v2\/pages\/355\/revisions"}],"predecessor-version":[{"id":1038,"href":"https:\/\/kontrabanda.lt\/index.php?rest_route=\/wp\/v2\/pages\/355\/revisions\/1038"}],"wp:attachment":[{"href":"https:\/\/kontrabanda.lt\/index.php?rest_route=%2Fwp%2Fv2%2Fmedia&parent=355"}],"curies":[{"name":"wp","href":"https:\/\/api.w.org\/{rel}","templated":true}]}}