{"id":308,"date":"2019-03-02T21:48:14","date_gmt":"2019-03-02T19:48:14","guid":{"rendered":"http:\/\/kontrabanda.lt\/?page_id=308"},"modified":"2019-03-10T20:29:32","modified_gmt":"2019-03-10T18:29:32","slug":"teroras","status":"publish","type":"page","link":"https:\/\/kontrabanda.lt\/?page_id=308","title":{"rendered":"TERORAS"},"content":{"rendered":"\n<blockquote class=\"wp-block-quote\"><p>Metai: 1994<\/p><p> Web Formatas: MP3<\/p><p> Grup\u0117: Kontrabanda<\/p><\/blockquote>\n\n\n\n<figure class=\"wp-block-audio\"><audio controls src=\"http:\/\/kontrabanda.lt\/wp-content\/uploads\/2019\/03\/1.-Ant-kilimelio.mp3\"><\/audio><figcaption><strong>ANT KILIM\u0116LIO<\/strong><\/figcaption><\/figure>\n\n\n\n<figure class=\"wp-block-audio\"><audio controls src=\"http:\/\/kontrabanda.lt\/wp-content\/uploads\/2019\/03\/2.-Ir-vel-ir-vel-ir-vel.mp3\"><\/audio><figcaption><strong>IR V\u0116L, IR V\u0116L, IR V\u0116L<\/strong><\/figcaption><\/figure>\n\n\n\n<figure class=\"wp-block-audio\"><audio controls src=\"http:\/\/kontrabanda.lt\/wp-content\/uploads\/2019\/03\/3.-Bliuzas-nepilnametei.mp3\"><\/audio><figcaption><strong>BLIUZAS NEPILNAMETEI<\/strong><\/figcaption><\/figure>\n\n\n\n<figure class=\"wp-block-audio\"><audio controls src=\"http:\/\/kontrabanda.lt\/wp-content\/uploads\/2019\/03\/4.-Rokiruote.mp3\"><\/audio><figcaption><strong>ROKIRUOT\u0116<\/strong><\/figcaption><\/figure>\n\n\n\n<figure class=\"wp-block-audio\"><audio controls src=\"http:\/\/kontrabanda.lt\/wp-content\/uploads\/2019\/03\/5.-Nieko-daugiau.mp3\"><\/audio><figcaption><strong>NIEKO DAUGIAU<\/strong><\/figcaption><\/figure>\n\n\n\n<figure class=\"wp-block-audio\"><audio controls src=\"http:\/\/kontrabanda.lt\/wp-content\/uploads\/2019\/03\/6.-Harum-Harum.mp3\"><\/audio><figcaption><strong>HARUM HARUM<\/strong><\/figcaption><\/figure>\n\n\n\n<figure class=\"wp-block-audio\"><audio controls src=\"http:\/\/kontrabanda.lt\/wp-content\/uploads\/2019\/03\/7.-Nuopuolis.mp3\"><\/audio><figcaption><strong>NUOPUOLIS<\/strong><\/figcaption><\/figure>\n\n\n\n<figure class=\"wp-block-audio\"><audio controls src=\"http:\/\/kontrabanda.lt\/wp-content\/uploads\/2019\/03\/8.-Jei-paklaustu-manes.mp3\"><\/audio><figcaption><strong>JEI PAKLAUST\u0172 MAN\u0118S<\/strong><\/figcaption><\/figure>\n\n\n\n<figure class=\"wp-block-audio\"><audio controls src=\"http:\/\/kontrabanda.lt\/wp-content\/uploads\/2019\/03\/9.-Pilki-vakarai-pilkos-dienos.mp3\"><\/audio><figcaption><strong>PILKI VAKARAI, PILKOS DIENOS<\/strong><\/figcaption><\/figure>\n\n\n\n<figure class=\"wp-block-audio\"><audio controls src=\"http:\/\/kontrabanda.lt\/wp-content\/uploads\/2019\/03\/10.-Gaucas-be-ponco.mp3\"><\/audio><figcaption><strong>GAUCAS BE PON\u010cO<\/strong><\/figcaption><\/figure>\n\n\n\n<figure class=\"wp-block-audio\"><audio controls src=\"http:\/\/kontrabanda.lt\/wp-content\/uploads\/2019\/03\/11.-Terorozauro-bliuzas.mp3\"><\/audio><figcaption><strong>TEROROZAURO BLIUZAS<\/strong><\/figcaption><\/figure>\n\n\n\n<figure class=\"wp-block-image\"><img loading=\"lazy\" width=\"774\" height=\"537\" src=\"https:\/\/kontrabanda.lt\/wp-content\/uploads\/2019\/03\/Neimprovizuoti01.jpg\" alt=\"\u201eKONTRABANDA\u201c: V. AN\u010cERIS, G. GRAJAUSKAS IR K. BUBLYS (Raimundo Urbono nuotrauka)\" class=\"wp-image-728\" srcset=\"https:\/\/kontrabanda.lt\/wp-content\/uploads\/2019\/03\/Neimprovizuoti01.jpg 774w, https:\/\/kontrabanda.lt\/wp-content\/uploads\/2019\/03\/Neimprovizuoti01-300x208.jpg 300w, https:\/\/kontrabanda.lt\/wp-content\/uploads\/2019\/03\/Neimprovizuoti01-768x533.jpg 768w, https:\/\/kontrabanda.lt\/wp-content\/uploads\/2019\/03\/Neimprovizuoti01-392x272.jpg 392w, https:\/\/kontrabanda.lt\/wp-content\/uploads\/2019\/03\/Neimprovizuoti01-130x90.jpg 130w\" sizes=\"(max-width: 774px) 100vw, 774px\" \/><figcaption>\u201eKONTRABANDA\u201c: V. AN\u010cERIS, G. GRAJAUSKAS IR K. BUBLYS (Raimundo Urbono nuotrauka)<\/figcaption><\/figure>\n\n\n\n<div class=\"wp-block-file aligncenter\"><a href=\"https:\/\/kontrabanda.lt\/wp-content\/uploads\/2019\/03\/Zip_Kontrabanda_Teroras_1994_mp3_320kbps.zip\">Zip_Kontrabanda_Teroras_1994_mp3_320kbps<\/a><a href=\"https:\/\/kontrabanda.lt\/wp-content\/uploads\/2019\/03\/Zip_Kontrabanda_Teroras_1994_mp3_320kbps.zip\" class=\"wp-block-file__button\" download>Parsisi\u0173sti<\/a><\/div>\n","protected":false},"excerpt":{"rendered":"<p>Metai: 1994 Web Formatas: MP3 Grup\u0117: Kontrabanda<\/p>\n","protected":false},"author":1,"featured_media":0,"parent":0,"menu_order":0,"comment_status":"closed","ping_status":"closed","template":"","meta":[],"_links":{"self":[{"href":"https:\/\/kontrabanda.lt\/index.php?rest_route=\/wp\/v2\/pages\/308"}],"collection":[{"href":"https:\/\/kontrabanda.lt\/index.php?rest_route=\/wp\/v2\/pages"}],"about":[{"href":"https:\/\/kontrabanda.lt\/index.php?rest_route=\/wp\/v2\/types\/page"}],"author":[{"embeddable":true,"href":"https:\/\/kontrabanda.lt\/index.php?rest_route=\/wp\/v2\/users\/1"}],"replies":[{"embeddable":true,"href":"https:\/\/kontrabanda.lt\/index.php?rest_route=%2Fwp%2Fv2%2Fcomments&post=308"}],"version-history":[{"count":20,"href":"https:\/\/kontrabanda.lt\/index.php?rest_route=\/wp\/v2\/pages\/308\/revisions"}],"predecessor-version":[{"id":1042,"href":"https:\/\/kontrabanda.lt\/index.php?rest_route=\/wp\/v2\/pages\/308\/revisions\/1042"}],"wp:attachment":[{"href":"https:\/\/kontrabanda.lt\/index.php?rest_route=%2Fwp%2Fv2%2Fmedia&parent=308"}],"curies":[{"name":"wp","href":"https:\/\/api.w.org\/{rel}","templated":true}]}}